{"id":15,"date":"2026-04-06T16:28:32","date_gmt":"2026-04-06T16:28:32","guid":{"rendered":"http:\/\/zaladowcze.pl\/?page_id=15"},"modified":"2026-04-06T18:53:13","modified_gmt":"2026-04-06T18:53:13","slug":"elementor-15","status":"publish","type":"page","link":"https:\/\/zaladowcze.pl\/index.php\/elementor-15\/","title":{"rendered":"Elementor #15"},"content":{"rendered":"<p><img \n\t\t\t\t\tdata-interaction-id=\"34e494c\" \n\t\t\t\t\t\t\t\t\tid=\"17\"\n\t\t\t\t\t\t\t\t\t\t\t\tsrc=\"http:\/\/zaladowcze.pl\/wp-content\/uploads\/2026\/04\/ChatGPT-Image-6-kwi-2026-15_00_18.png\"\n\t\t\t\t\t\t\t\t\t\t\t\twidth=\"1024\"\n\t\t\t\t\t\t\t\t\t\t\t\theight=\"1024\"\n\t\t\t\t\t\t\t\t\t\t\t\tsrcset=\"http:\/\/zaladowcze.pl\/wp-content\/uploads\/2026\/04\/ChatGPT-Image-6-kwi-2026-15_00_18.png 1024w, http:\/\/zaladowcze.pl\/wp-content\/uploads\/2026\/04\/ChatGPT-Image-6-kwi-2026-15_00_18-300x300.png 300w, http:\/\/zaladowcze.pl\/wp-content\/uploads\/2026\/04\/ChatGPT-Image-6-kwi-2026-15_00_18-150x150.png 150w, http:\/\/zaladowcze.pl\/wp-content\/uploads\/2026\/04\/ChatGPT-Image-6-kwi-2026-15_00_18-768x768.png 768w\"\n\t\t\t\t\t\t\t\t\t\t\t\talt=\"\"\n\t\t\t\t\t\t\/><\/p>\n<h2 \n\t\tdata-interaction-id=\"ae1d937\" \n\t\tclass=\"e-ae1d937-5eb5681 e-heading-base\" \n\t><br \/>\n\t\t\tMST Artur Domarski<br \/>\n\t\t<\/h2>\n<h2 \n\t\tdata-interaction-id=\"0878ab7\" \n\t\tclass=\"e-0878ab7-5c1a138 e-heading-base\" \n\t><br \/>\n\t\t\tSerwis i przegl\u0105dy UDT wind za\u0142adowczych<br \/>\n\t\t<\/h2>\n<h2 \n\t\tdata-interaction-id=\"066fc42\" \n\t\tclass=\"e-066fc42-05a25c6 e-heading-base\" \n\t><br \/>\n\t\t\t 723 648 128<br \/>\n\t\t<\/h2>\n<p>\t\t\t\t\t    \t            <a\n            \t\t\thref=\"tel:723648128\"\n        target=\"_self\"\n            data-interaction-id=\"38add3b\"\n        ><br \/>\n            Zadzwo\u0144 teraz<br \/>\n        <\/a><\/p>\n<h2 \n\t\tdata-interaction-id=\"3d84a1a\" \n\t\tclass=\"e-3d84a1a-c6fb094 e-heading-base\" \n\t><br \/>\n\t\t\tNasza Oferta<br \/>\n\t\t<\/h2>\n<h2 \n\t\tdata-interaction-id=\"009ff87\" \n\t\tclass=\"e-009ff87-3931c21 e-heading-base\" \n\t><br \/>\n\t\t\t Przegl\u0105dy UDT wind za\u0142adowczych <br \/> Serwis i konserwacja podest\u00f3w <br \/> Naprawy awaryjne \u2013 szybki dojazd <br \/> Zakuwanie przewod\u00f3w hydraulicznych<br \/>\n\t\t<\/h2>\n<h2 \n\t\tdata-interaction-id=\"179cdc0\" \n\t\tclass=\"e-179cdc0-4ed0e2e e-heading-base\" \n\t><br \/>\n\t\t\tDlaczego warto wybra\u0107 MST?<br \/>\n\t\t<\/h2>\n<h2 \n\t\tdata-interaction-id=\"3125c29\" \n\t\tclass=\"e-3125c29-c5b8c3c e-heading-base\" \n\t><br \/>\n\t\t\t Szybki dojazd do klienta <br \/> Wieloletnie do\u015bwiadczenie w windach za\u0142adowczych <br \/> Obs\u0142uga firm transportowych i prywatnych <br \/> Terminowo\u015b\u0107 i rzetelno\u015b\u0107 <br \/> Atrakcyjne ceny us\u0142ug<br \/>\n\t\t<\/h2>\n<p>\t\t\t\t\t    \t            <a\n            \t\t\thref=\"tel:723648128\"\n        target=\"_self\"\n            data-interaction-id=\"033c83d\"\n        ><br \/>\n            Zadzwo\u0144 teraz<br \/>\n        <\/a><\/p>\n<h2 \n\t\tdata-interaction-id=\"b616646\" \n\t\tclass=\"e-b616646-84d0f24 e-heading-base\" \n\t><br \/>\n\t\t\tKontakt<br \/>\n\t\t<\/h2>\n<h3 \n\t\tdata-interaction-id=\"641e365\" \n\t\tclass=\"e-641e365-0249f53 e-heading-base\" \n\t><br \/>\n\t\t\t<a \n\t\t\t\t\t\thref=\"tel:723648128\"\n\t\t\ttarget=\"_self\" \n\t\t\tclass=\"e-heading-link-base\"><br \/>\n\t\t\t723 648 128<br \/>\n\t\t<\/a><br \/>\n\t\t<\/h3>\n<h2 \n\t\tdata-interaction-id=\"ef7c265\" \n\t\tclass=\"e-ef7c265-49db347 e-heading-base\" \n\t><br \/>\n\t\t\tDojazd do klienta<br \/>\n\t\t<\/h2>\n<h2 \n\t\tdata-interaction-id=\"549607d\" \n\t\tclass=\"e-549607d-416ee82 e-heading-base\" \n\t><br \/>\n\t\t\tSzybka wycena i kontakt<br \/>\n\t\t<\/h2>\n","protected":false},"excerpt":{"rendered":"<p>MST Artur Domarski Serwis i przegl\u0105dy UDT wind za\u0142adowczych 723 648 128 Zadzwo\u0144 teraz Nasza Oferta Przegl\u0105dy UDT wind za\u0142adowczych Serwis i konserwacja podest\u00f3w Naprawy awaryjne \u2013 szybki dojazd Zakuwanie przewod\u00f3w hydraulicznych Dlaczego warto wybra\u0107 MST? Szybki dojazd do klienta Wieloletnie do\u015bwiadczenie w windach za\u0142adowczych Obs\u0142uga firm transportowych i prywatnych Terminowo\u015b\u0107 i rzetelno\u015b\u0107 Atrakcyjne ceny [&hellip;]<\/p>\n","protected":false},"author":1,"featured_media":0,"parent":0,"menu_order":0,"comment_status":"closed","ping_status":"closed","template":"elementor_canvas","meta":{"footnotes":""},"class_list":["post-15","page","type-page","status-publish","hentry"],"_links":{"self":[{"href":"https:\/\/zaladowcze.pl\/index.php\/wp-json\/wp\/v2\/pages\/15","targetHints":{"allow":["GET"]}}],"collection":[{"href":"https:\/\/zaladowcze.pl\/index.php\/wp-json\/wp\/v2\/pages"}],"about":[{"href":"https:\/\/zaladowcze.pl\/index.php\/wp-json\/wp\/v2\/types\/page"}],"author":[{"embeddable":true,"href":"https:\/\/zaladowcze.pl\/index.php\/wp-json\/wp\/v2\/users\/1"}],"replies":[{"embeddable":true,"href":"https:\/\/zaladowcze.pl\/index.php\/wp-json\/wp\/v2\/comments?post=15"}],"version-history":[{"count":20,"href":"https:\/\/zaladowcze.pl\/index.php\/wp-json\/wp\/v2\/pages\/15\/revisions"}],"predecessor-version":[{"id":44,"href":"https:\/\/zaladowcze.pl\/index.php\/wp-json\/wp\/v2\/pages\/15\/revisions\/44"}],"wp:attachment":[{"href":"https:\/\/zaladowcze.pl\/index.php\/wp-json\/wp\/v2\/media?parent=15"}],"curies":[{"name":"wp","href":"https:\/\/api.w.org\/{rel}","templated":true}]}}