{"id":45,"date":"2026-04-06T19:20:30","date_gmt":"2026-04-06T19:20:30","guid":{"rendered":"https:\/\/zaladowcze.pl\/?page_id=45"},"modified":"2026-04-14T20:16:12","modified_gmt":"2026-04-14T20:16:12","slug":"strona-glowna-2","status":"publish","type":"page","link":"https:\/\/zaladowcze.pl\/","title":{"rendered":""},"content":{"rendered":"\n<p class=\"has-text-align-center napis-glowny has-text-color has-link-color wp-elements-d0de59b11412a321c6c0e4cec77e2025\" style=\"color:#ded38d;font-size:clamp(29.303px, 1.831rem + ((1vw - 3.2px) * 1.466), 51px);font-style:normal;font-weight:800\">MST Artur Domarski<\/p>\n\n\n\n<p class=\"has-text-align-center napis-glowny has-text-color has-link-color wp-elements-29007ef99c9748d030bd1b84785d8866\" style=\"color:#ded38d;font-size:clamp(29.303px, 1.831rem + ((1vw - 3.2px) * 1.466), 51px);font-style:normal;font-weight:800\">Serwis i przegl\u0105dy UDT wind za\u0142adowczych, podno\u015bnik\u00f3w koszowych, HDS<br>Szybki dojazd \u2022 Do\u015bwiadczenie \u2022 Konkurencyjne ceny<\/p>\n\n\n\n<p class=\"has-text-align-center napis-glowny has-text-color has-link-color wp-elements-c477428f32eae2526d9920ec8b05bf50\" style=\"color:#ded38d;font-size:clamp(29.303px, 1.831rem + ((1vw - 3.2px) * 1.466), 51px);font-style:normal;font-weight:800\">\ud83d\udcde 723 648 128<br>E-mail:biuro@zaladowcze.pl<\/p>\n\n\n\n<div class=\"wp-block-buttons is-content-justification-center is-layout-flex wp-container-core-buttons-is-layout-a89b3969 wp-block-buttons-is-layout-flex\">\n<div class=\"wp-block-button is-style-fill\"><a class=\"wp-block-button__link has-contrast-color has-text-color has-background has-link-color has-text-align-center has-custom-font-size wp-element-button\" href=\"tel:723648128\" style=\"border-style:none;border-width:0px;border-top-left-radius:65px;border-top-right-radius:65px;border-bottom-left-radius:65px;border-bottom-right-radius:65px;background-color:#f5a300;font-size:clamp(14.642px, 0.915rem + ((1vw - 3.2px) * 0.497), 22px);font-style:normal;font-weight:800\"><strong>Zadzwo\u0144 teraz<\/strong><\/a><\/div>\n<\/div>\n\n\n\n<div class=\"wp-block-buttons is-content-justification-center is-layout-flex wp-container-core-buttons-is-layout-a89b3969 wp-block-buttons-is-layout-flex\">\n<div class=\"wp-block-button\"><a class=\"wp-block-button__link has-contrast-color has-text-color has-background has-link-color has-text-align-center has-custom-font-size wp-element-button\" href=\"mailto:biuro@zaladowcze.pl?subject=Zapytanie%20ze%20strony%20zaladowcze.pl&amp;body=Dzie%C5%84%20dobry,%20prosz%C4%99%20o%20kontakt%20w%20sprawie...\" style=\"border-top-left-radius:65px;border-top-right-radius:65px;border-bottom-left-radius:65px;border-bottom-right-radius:65px;background-color:#f5a300;font-size:clamp(14.642px, 0.915rem + ((1vw - 3.2px) * 0.497), 22px);font-style:normal;font-weight:700\">Wy\u015blij e-mail<\/a><\/div>\n<\/div>\n\n\n\n<h2 class=\"wp-block-heading has-text-align-center napis-glowny has-text-color has-link-color wp-elements-22d473eac3b5a8c4b1008f56359e0d96\" style=\"color:#ded38d\"><strong>Nasza Oferta<\/strong><\/h2>\n\n\n\n<div class=\"wp-block-columns alignfull is-layout-flex wp-container-core-columns-is-layout-28f84493 wp-block-columns-is-layout-flex\" style=\"font-size:clamp(16.834px, 1.052rem + ((1vw - 3.2px) * 0.619), 26px);\">\n<div class=\"wp-block-column is-style-section-1 oferta-karta is-layout-flow wp-block-column-is-layout-flow is-style-section-1--1\" style=\"border-top-left-radius:10px;border-top-right-radius:10px;border-bottom-left-radius:10px;border-bottom-right-radius:10px;padding-top:var(--wp--preset--spacing--30);padding-right:var(--wp--preset--spacing--30);padding-bottom:var(--wp--preset--spacing--30);padding-left:20px\">\n<h2 class=\"wp-block-heading has-text-align-center\" style=\"padding-top:0;padding-right:0;padding-bottom:0;padding-left:0\">Przegl\u0105dy UDT<\/h2>\n\n\n\n<p class=\"has-text-align-center\">-Przygotowanie do pierwszego badania odbiorczego <\/p>\n\n\n\n<p class=\"has-text-align-center\"> -Badania kontrolne (okresowe)<\/p>\n<\/div>\n\n\n\n<div class=\"wp-block-column is-style-section-1 oferta-karta is-layout-flow wp-block-column-is-layout-flow is-style-section-1--2\" style=\"border-top-left-radius:10px;border-top-right-radius:10px;border-bottom-left-radius:10px;border-bottom-right-radius:10px;padding-top:var(--wp--preset--spacing--30);padding-right:var(--wp--preset--spacing--30);padding-bottom:var(--wp--preset--spacing--30);padding-left:20px\">\n<h2 class=\"wp-block-heading has-text-align-center\">Serwis i konserwacja<\/h2>\n\n\n\n<p class=\"has-text-align-center\">-Przegl\u0105dy konserwacyjne <br>(z wpisem do dziennika konserwacji)<\/p>\n\n\n\n<p class=\"has-text-align-center\">&#8211; Kompleksowy serwis urz\u0105dze\u0144<br>-Kasowanie luz\u00f3w na po\u0142\u0105czeniach sworzniowych<br>-W ofercie cykliczne smarowanie <\/p>\n<\/div>\n\n\n\n<div class=\"wp-block-column is-vertically-aligned-center is-style-section-1 oferta-karta is-layout-flow wp-block-column-is-layout-flow is-style-section-1--3\" style=\"border-top-left-radius:10px;border-top-right-radius:10px;border-bottom-left-radius:10px;border-bottom-right-radius:10px;padding-top:var(--wp--preset--spacing--30);padding-right:var(--wp--preset--spacing--30);padding-bottom:var(--wp--preset--spacing--30);padding-left:20px\">\n<h2 class=\"wp-block-heading has-text-align-center\">Inne<\/h2>\n\n\n\n<p class=\"has-text-align-center\">-Zakuwanie przewod\u00f3w hydraulicznych<br>-regeneracja si\u0142ownik\u00f3w<br>-zmiana lub naprawa zabudowy pojazdu<\/p>\n<\/div>\n<\/div>\n\n\n\n<p><\/p>\n","protected":false},"excerpt":{"rendered":"<p>MST Artur Domarski Serwis i przegl\u0105dy UDT wind za\u0142adowczych, podno\u015bnik\u00f3w koszowych, HDSSzybki dojazd \u2022 Do\u015bwiadczenie \u2022 Konkurencyjne ceny \ud83d\udcde 723 648 128E-mail:biuro@zaladowcze.pl Nasza Oferta Przegl\u0105dy UDT -Przygotowanie do pierwszego badania odbiorczego -Badania kontrolne (okresowe) Serwis i konserwacja -Przegl\u0105dy konserwacyjne (z wpisem do dziennika konserwacji) &#8211; Kompleksowy serwis urz\u0105dze\u0144-Kasowanie luz\u00f3w na po\u0142\u0105czeniach sworzniowych-W ofercie cykliczne smarowanie [&hellip;]<\/p>\n","protected":false},"author":1,"featured_media":0,"parent":0,"menu_order":0,"comment_status":"closed","ping_status":"closed","template":"","meta":{"footnotes":""},"class_list":["post-45","page","type-page","status-publish","hentry"],"_links":{"self":[{"href":"https:\/\/zaladowcze.pl\/index.php\/wp-json\/wp\/v2\/pages\/45","targetHints":{"allow":["GET"]}}],"collection":[{"href":"https:\/\/zaladowcze.pl\/index.php\/wp-json\/wp\/v2\/pages"}],"about":[{"href":"https:\/\/zaladowcze.pl\/index.php\/wp-json\/wp\/v2\/types\/page"}],"author":[{"embeddable":true,"href":"https:\/\/zaladowcze.pl\/index.php\/wp-json\/wp\/v2\/users\/1"}],"replies":[{"embeddable":true,"href":"https:\/\/zaladowcze.pl\/index.php\/wp-json\/wp\/v2\/comments?post=45"}],"version-history":[{"count":31,"href":"https:\/\/zaladowcze.pl\/index.php\/wp-json\/wp\/v2\/pages\/45\/revisions"}],"predecessor-version":[{"id":399,"href":"https:\/\/zaladowcze.pl\/index.php\/wp-json\/wp\/v2\/pages\/45\/revisions\/399"}],"wp:attachment":[{"href":"https:\/\/zaladowcze.pl\/index.php\/wp-json\/wp\/v2\/media?parent=45"}],"curies":[{"name":"wp","href":"https:\/\/api.w.org\/{rel}","templated":true}]}}